{"id":143,"date":"2016-07-15T08:32:51","date_gmt":"2016-07-15T08:32:51","guid":{"rendered":"http:\/\/sw-themes.com\/porto_dummy\/?page_id=143"},"modified":"2018-10-30T10:49:30","modified_gmt":"2018-10-30T13:49:30","slug":"home","status":"publish","type":"page","link":"https:\/\/www.ultrasilk.com.br\/site\/","title":{"rendered":"Home"},"content":{"rendered":"<div class=\"wpb-content-wrapper\"><p>[vc_row wrap_container=&#8221;yes&#8221; el_class=&#8221;p-t-xxl p-b-xxl&#8221;][vc_column offset=&#8221;vc_col-md-4&#8243;][vc_custom_heading text=&#8221;Ultrasilk comunica\u00e7\u00e3o visual&#8221; use_theme_fonts=&#8221;yes&#8221; el_class=&#8221;m-t-md m-b-none&#8221;][vc_column_text el_class=&#8221;lead m-b-none&#8221;]Corte a Laser, Serigrafia, Sublima\u00e7\u00e3o, Estamparia, Grava\u00e7\u00e3o em Vidro e bordados[\/vc_column_text][\/vc_column][vc_column width=&#8221;1\/6&#8243; offset=&#8221;vc_hidden-sm vc_hidden-xs&#8221;][vc_single_image source=&#8221;external_link&#8221; custom_src=&#8221;https:\/\/www.ultrasilk.com.br\/site\/wp-content\/uploads\/2018\/08\/dotted-line-angle.png&#8221; el_class=&#8221;m-t-n-xs m-b-none&#8221;][\/vc_column][vc_column offset=&#8221;vc_col-md-6&#8243;][vc_column_text el_class=&#8221;m-t-md m-b-none&#8221;]A Ultrasilk \u00e9 uma empresa de Comunica\u00e7\u00e3o Visual localizada em Curitiba. Trabalhamos com diversos produtos e servi\u00e7os da \u00e1rea, oferecendo a melhor qualidade.<\/p>\n<p>Contamos com equipamentos de \u00faltima gera\u00e7\u00e3o e equipe altamente especializada.<\/p>\n<p><a href=\"https:\/\/www.ultrasilk.com.br\/site\/empresa\/\">Leia mais\u00a0\u00bb<\/a>[\/vc_column_text][\/vc_column][\/vc_row][vc_row wrap_container=&#8221;yes&#8221; is_section=&#8221;yes&#8221; section_skin=&#8221;tertiary&#8221; remove_margin_top=&#8221;yes&#8221; remove_margin_bottom=&#8221;yes&#8221; remove_border=&#8221;yes&#8221; el_class=&#8221;section-custom-construction&#8221;][vc_column][vc_custom_heading text=&#8221;Servi\u00e7os&#8221; use_theme_fonts=&#8221;yes&#8221; el_class=&#8221;m-t-md m-b-none&#8221;][vc_column_text el_class=&#8221;lead m-b-xl&#8221;]Solu\u00e7\u00f5es criativas para a sua empresa[\/vc_column_text][vc_row_inner][vc_column_inner width=&#8221;1\/2&#8243; animation_type=&#8221;fadeInUp&#8221;]<div class=\"porto-sicon-wrapper style_1\"><div class=\"porto-sicon-box left-icon\" style=\"\"  ><div class=\"porto-sicon-body\"><div class=\"porto-sicon-header\" ><h3 class=\"porto-sicon-title\" style=\"font-size:20px;\">Serigrafia<\/h3><\/div> <!-- header --><div class=\"porto-sicon-description\" style=\"\">\n<p style=\"text-align: justify;\">Os servi\u00e7os de serigrafia, tamb\u00e9m conhecidos como silk-screen, s\u00e3o famosos processos de impress\u00e3o atrav\u00e9s de est\u00eancil, onde a tinta \u00e9 for\u00e7ada para o componente abaixo dela. Esse processo utiliza telas que s\u00e3o feitas com poli\u00e9ster ou nylon e \u00e9 ideal para grandes produ\u00e7\u00f5es de itens como, por exemplo, camisetas. Com ele \u00e9 poss\u00edvel personalizar os itens com muita versatilidade e conseguir uma enorme variedade de resultados, podendo utilizar t\u00e9cnicas como: mistura de cores, aquarela, pintura a \u00f3leo e outras t\u00e9cnicas inovadoras que far\u00e3o total diferen\u00e7a no resultado final.<\/p>\n<p><\/div> <!-- description --><\/div><\/div> <!-- porto-sicon-box --><\/div>[\/vc_column_inner][vc_column_inner width=&#8221;1\/2&#8243; animation_delay=&#8221;300&#8243; animation_type=&#8221;fadeInUp&#8221;]<div class=\"porto-sicon-wrapper style_1\"><div class=\"porto-sicon-box left-icon\" style=\"\"  ><div class=\"porto-sicon-body\"><div class=\"porto-sicon-header\" ><h3 class=\"porto-sicon-title\" style=\"font-size:20px;\">Corte a Laser<\/h3><\/div> <!-- header --><div class=\"porto-sicon-description\" style=\"\">\n<p style=\"text-align: justify;\">A m\u00e1quina de corte a laser \u00e9 um equipamento que utiliza alta tecnologia. As capacidades de corte, ou seja, as espessuras das chapas met\u00e1licas que podem ser trabalhadas dependem basicamente do tipo de material e da pot\u00eancia do laser a ser empregado.<\/p>\n<p style=\"text-align: justify;\">A principal caracter\u00edstica do corte por Laser \u00e9 que o material removido \u00e9 muito pequeno, menos de 10%, o que confere ao Laser uma elevada precis\u00e3o e alta velocidade de corte, principalmente em espessuras finas.<\/p>\n<p><\/div> <!-- description --><\/div><\/div> <!-- porto-sicon-box --><\/div>[\/vc_column_inner][\/vc_row_inner][vc_row_inner][vc_column_inner width=&#8221;1\/2&#8243; animation_type=&#8221;fadeInUp&#8221;]<div class=\"porto-sicon-wrapper style_1\"><div class=\"porto-sicon-box left-icon\" style=\"\"  ><div class=\"porto-sicon-body\"><div class=\"porto-sicon-header\" ><h3 class=\"porto-sicon-title\" style=\"font-size:20px;\">Sublima\u00e7\u00e3o<\/h3><\/div> <!-- header --><div class=\"porto-sicon-description\" style=\"\">\n<p style=\"text-align: justify;\">Existem duas formas de impress\u00e3o com tintas de sublima\u00e7\u00e3o, a transfer\u00eancia t\u00e9rmica e a impress\u00e3o direta, esta \u00faltima muito mais recente que a primeira.<\/p>\n<p style=\"text-align: justify;\">A transfer\u00eancia t\u00e9rmica \u00e9 a mais comum, e tamb\u00e9m a mais antiga, que funciona com o recurso a um papel especial, papel de transfere ou papel de transporte, que depois de receber a impress\u00e3o e ao ser colocado sobre as superf\u00edcies transfere a tinta num processo qu\u00edmico chamado sublima\u00e7\u00e3o provocado por calor e press\u00e3o.<\/p>\n<p><\/div> <!-- description --><\/div><\/div> <!-- porto-sicon-box --><\/div>[\/vc_column_inner][vc_column_inner width=&#8221;1\/2&#8243; animation_delay=&#8221;300&#8243; animation_type=&#8221;fadeInUp&#8221;]<div class=\"porto-sicon-wrapper style_1\"><div class=\"porto-sicon-box left-icon\" style=\"\"  ><div class=\"porto-sicon-body\"><div class=\"porto-sicon-header\" ><h3 class=\"porto-sicon-title\" style=\"font-size:20px;\">Grava\u00e7\u00e3o em Vidro<\/h3><\/div> <!-- header --><div class=\"porto-sicon-description\" style=\"\">\n<p style=\"text-align: justify;\">Placas de vidro, copos, ta\u00e7as e diversos outros materiais podem receber a grava\u00e7\u00e3o a laser em vidro, seja para fazer a personaliza\u00e7\u00e3o de produtos de empresas ou mesmo para presentes ou lembran\u00e7as de festas de casamento, por exemplo.<\/p>\n<p style=\"text-align: justify;\">E \u00e9 com esse tipo de grava\u00e7\u00e3o a laser em vidro, que a UltraSilk trabalha oferecendo seus servi\u00e7os para diferentes segmentos industriais, empresariais e comerciais.<\/p>\n<p><\/div> <!-- description --><\/div><\/div> <!-- porto-sicon-box --><\/div>[\/vc_column_inner][\/vc_row_inner][\/vc_column][\/vc_row][vc_row wrap_container=&#8221;yes&#8221; is_section=&#8221;yes&#8221; section_skin=&#8221;parallax&#8221; remove_margin_top=&#8221;yes&#8221; remove_margin_bottom=&#8221;yes&#8221; remove_border=&#8221;yes&#8221; el_class=&#8221;home-concept-construction&#8221; css=&#8221;.vc_custom_1506478901675{background-image: url(https:\/\/www.ultrasilk.com.br\/site\/wp-content\/uploads\/2016\/07\/home-concept-small.png?id=112) !important;}&#8221;][vc_column][vc_custom_heading text=&#8221;Produtos&#8221; use_theme_fonts=&#8221;yes&#8221; el_class=&#8221;m-t-md m-b-none&#8221;][vc_column_text el_class=&#8221;lead m-b-xl&#8221;]<\/p>\n<p style=\"text-align: justify;\">Conhe\u00e7a nossos produtos.\u00a0Produtos com alta qualidade e sob medida para voc\u00ea. A\u00a0 UltraSilk \u00e9 sua melhor op\u00e7\u00e3o em comunica\u00e7\u00e3o visual em tecido para a sua empresa.<\/p>\n<p>[\/vc_column_text]<div class=\"lightbox\" data-plugin-options=\"{&quot;delegate&quot;:&quot;.diamond&quot;,&quot;type&quot;:&quot;image&quot;,&quot;gallery&quot;:{&quot;enabled&quot;:true}}\"><ul class=\"porto-diamonds wpb_content_element \">    <li>\r\n        <a href=\"https:\/\/www.ultrasilk.com.br\/site\/wp-content\/uploads\/2016\/07\/1256238367-57437900.jpg\" class=\"diamond\" title=\"\">\r\n            <div class=\"content\">\r\n                <img decoding=\"async\" src=\"https:\/\/www.ultrasilk.com.br\/site\/wp-content\/uploads\/2016\/07\/1256238367-57437900.jpg\" alt=\"\" class=\"img-responsive\">\r\n            <\/div>\r\n        <\/a>\r\n    <\/li>\r\n    <li>\r\n        <a href=\"https:\/\/www.ultrasilk.com.br\/site\/wp-content\/uploads\/2016\/07\/camiseta-mario-bros-sublimacao-total-camiseta-personalizada.jpg\" class=\"diamond\" title=\"\">\r\n            <div class=\"content\">\r\n                <img decoding=\"async\" src=\"https:\/\/www.ultrasilk.com.br\/site\/wp-content\/uploads\/2016\/07\/camiseta-mario-bros-sublimacao-total-camiseta-personalizada.jpg\" alt=\"\" class=\"img-responsive\">\r\n            <\/div>\r\n        <\/a>\r\n    <\/li>\r\n    <li>\r\n        <a href=\"https:\/\/www.ultrasilk.com.br\/site\/wp-content\/uploads\/2016\/07\/pesca.jpg\" class=\"diamond\" title=\"\">\r\n            <div class=\"content\">\r\n                <img decoding=\"async\" src=\"https:\/\/www.ultrasilk.com.br\/site\/wp-content\/uploads\/2016\/07\/pesca.jpg\" alt=\"\" class=\"img-responsive\">\r\n            <\/div>\r\n        <\/a>\r\n    <\/li>\r\n    <li>\r\n        <a href=\"https:\/\/www.ultrasilk.com.br\/site\/wp-content\/uploads\/2016\/07\/tacas-e-copos-de-vidro-com-efeito-jateado-personalizados-D_NQ_NP_997521-MLB20804304127_072016-F.jpg\" class=\"diamond diamond-sm\" title=\"\">\r\n            <div class=\"content\">\r\n                <img decoding=\"async\" src=\"https:\/\/www.ultrasilk.com.br\/site\/wp-content\/uploads\/2016\/07\/tacas-e-copos-de-vidro-com-efeito-jateado-personalizados-D_NQ_NP_997521-MLB20804304127_072016-F.jpg\" alt=\"\" class=\"img-responsive\">\r\n            <\/div>\r\n        <\/a>\r\n    <\/li>\r\n    <li>\r\n        <a href=\"https:\/\/www.ultrasilk.com.br\/site\/wp-content\/uploads\/2016\/07\/caixas-mdf-corte-a-laser-mimo-de-batizado.jpg\" class=\"diamond\" title=\"\">\r\n            <div class=\"content\">\r\n                <img decoding=\"async\" src=\"https:\/\/www.ultrasilk.com.br\/site\/wp-content\/uploads\/2016\/07\/caixas-mdf-corte-a-laser-mimo-de-batizado.jpg\" alt=\"\" class=\"img-responsive\">\r\n            <\/div>\r\n        <\/a>\r\n    <\/li>\r\n    <li>\r\n        <a href=\"https:\/\/www.ultrasilk.com.br\/site\/wp-content\/uploads\/2016\/07\/caixa-para-vinho-lembranca-de-casamento.jpg\" class=\"diamond diamond-sm\" title=\"\">\r\n            <div class=\"content\">\r\n                <img decoding=\"async\" src=\"https:\/\/www.ultrasilk.com.br\/site\/wp-content\/uploads\/2016\/07\/caixa-para-vinho-lembranca-de-casamento.jpg\" alt=\"\" class=\"img-responsive\">\r\n            <\/div>\r\n        <\/a>\r\n    <\/li>\r\n    <li>\r\n        <a href=\"https:\/\/www.ultrasilk.com.br\/site\/wp-content\/uploads\/2016\/07\/gravacao-laser-tacas-06-1.jpg\" class=\"diamond diamond-sm\" title=\"\">\r\n            <div class=\"content\">\r\n                <img decoding=\"async\" src=\"https:\/\/www.ultrasilk.com.br\/site\/wp-content\/uploads\/2016\/07\/gravacao-laser-tacas-06-1.jpg\" alt=\"\" class=\"img-responsive\">\r\n            <\/div>\r\n        <\/a>\r\n    <\/li>\r\n<\/ul><\/div>[vc_row_inner][vc_column_inner el_class=&#8221;row-diamons-description&#8221; width=&#8221;1\/2&#8243;][vc_column_text el_class=&#8221;m-b-md&#8221;]Na UltraSilk os projetos podem ser executados de duas formas: ele pode vir pronto do cliente atrav\u00e9s de um manual de identidade visual com as referidas aplica\u00e7\u00f5es,\u00a0 por ag\u00eancias de design, ou ainda atrav\u00e9s de arquitetos e engenheiros. Para quem n\u00e3o possui um projeto pronto e tem somente a ideia, a UltraSilk disponibiliza artes finalistas que absorvem a concep\u00e7\u00e3o do projeto de acordo com a necessidade do cliente.[\/vc_column_text][vc_btn title=&#8221;Veja nossos Produtos&#8221; style=&#8221;outline&#8221; shape=&#8221;square&#8221; skin=&#8221;primary&#8221; link=&#8221;url:https%3A%2F%2Fwww.ultrasilk.com.br%2Fsite%2Fprodutos%2F|||&#8221;][\/vc_column_inner][\/vc_row_inner][\/vc_column][\/vc_row][vc_row parallax=&#8221;content-moving&#8221; parallax_image=&#8221;74&#8243; parallax_speed_bg=&#8221;1&#8243; wrap_container=&#8221;yes&#8221; is_section=&#8221;yes&#8221; section_skin=&#8221;parallax&#8221; remove_margin_top=&#8221;yes&#8221; remove_margin_bottom=&#8221;yes&#8221; remove_border=&#8221;yes&#8221;][vc_column width=&#8221;1\/2&#8243;][\/vc_column][vc_column offset=&#8221;vc_col-md-6&#8243;]<div class=\"porto-carousel owl-carousel  m-t-xlg m-b-xlg\" data-plugin-options=\"{&quot;stagePadding&quot;:0,&quot;margin&quot;:0,&quot;autoplay&quot;:false,&quot;autoplayTimeout&quot;:5000,&quot;autoplayHoverPause&quot;:false,&quot;items&quot;:1,&quot;lg&quot;:1,&quot;md&quot;:1,&quot;sm&quot;:1,&quot;xs&quot;:1,&quot;nav&quot;:false,&quot;dots&quot;:&quot;yes&quot;,&quot;animateIn&quot;:&quot;&quot;,&quot;animateOut&quot;:&quot;&quot;,&quot;loop&quot;:false,&quot;center&quot;:false,&quot;video&quot;:false,&quot;lazyLoad&quot;:false,&quot;fullscreen&quot;:false}\"><div class=\"porto-testimonial wpb_content_element \"><div class=\"testimonial testimonial-style-2 testimonial-with-quotes\"><blockquote class=\"testimonial-carousel \"><p>Criatividade, potencial, conhecimento e profissionalismo. A UltraSilk tem o que \u00e9 necess\u00e1rio para o crescimento de qualquer empresa.<\/p><\/blockquote><div class=\"testimonial-author\"><p><strong>Gabriela Ferraz<\/strong><span>Facebook<\/span><\/p><\/div><\/div><\/div><div class=\"porto-testimonial wpb_content_element \"><div class=\"testimonial testimonial-style-2 testimonial-with-quotes\"><blockquote class=\"testimonial-carousel \"><p>Se voc\u00ea est\u00e1 procurando uma empresa que conhece as necessidades de cada cliente, UltraSilk \u00e9 a empresa que voc\u00ea precisa conhecer.<\/p><\/blockquote><div class=\"testimonial-author\"><p><strong>Maria Claudia<\/strong><span>Facebook<\/span><\/p><\/div><\/div><\/div><\/div>[\/vc_column][\/vc_row][vc_row wrap_container=&#8221;yes&#8221; el_class=&#8221;section-custom-construction-2&#8243;][vc_column][vc_row_inner][vc_column_inner][vc_custom_heading text=&#8221;Clientes&#8221; use_theme_fonts=&#8221;yes&#8221; el_class=&#8221;m-t-md m-b-none&#8221;][\/vc_column_inner][\/vc_row_inner]<div class=\"porto-carousel owl-carousel  m-t-xl m-b-xl stage-margin rounded-nav\" data-plugin-options=\"{&quot;stagePadding&quot;:40,&quot;margin&quot;:10,&quot;autoplay&quot;:false,&quot;autoplayTimeout&quot;:5000,&quot;autoplayHoverPause&quot;:false,&quot;items&quot;:6,&quot;lg&quot;:4,&quot;md&quot;:3,&quot;sm&quot;:2,&quot;xs&quot;:1,&quot;nav&quot;:&quot;yes&quot;,&quot;dots&quot;:false,&quot;animateIn&quot;:&quot;&quot;,&quot;animateOut&quot;:&quot;&quot;,&quot;loop&quot;:false,&quot;center&quot;:false,&quot;video&quot;:false,&quot;lazyLoad&quot;:false,&quot;fullscreen&quot;:false}\">[vc_single_image image=&#8221;432&#8243; img_size=&#8221;full&#8221; alignment=&#8221;center&#8221; onclick=&#8221;custom_link&#8221; img_link_target=&#8221;_blank&#8221; link=&#8221;http:\/\/aabbcuritiba.com.br\/site\/a-aabb\/&#8221;][vc_single_image image=&#8221;435&#8243; img_size=&#8221;full&#8221; alignment=&#8221;center&#8221; onclick=&#8221;custom_link&#8221; img_link_target=&#8221;_blank&#8221; link=&#8221;https:\/\/www.colegiosantoanjo.com.br\/sobre-nos\/?gclid=EAIaIQobChMIo_j0p9HU3QIVjo-zCh1UEgjoEAAYASAAEgJZyvD_BwE&#8221;][vc_single_image image=&#8221;441&#8243; img_size=&#8221;full&#8221; alignment=&#8221;center&#8221; onclick=&#8221;custom_link&#8221; img_link_target=&#8221;_blank&#8221; link=&#8221;https:\/\/www.deltacable.com.br\/&#8221;][vc_single_image image=&#8221;443&#8243; img_size=&#8221;full&#8221; alignment=&#8221;center&#8221; onclick=&#8221;custom_link&#8221; img_link_target=&#8221;_blank&#8221; link=&#8221;http:\/\/www.detran.pr.gov.br\/&#8221;][vc_single_image image=&#8221;445&#8243; img_size=&#8221;full&#8221; alignment=&#8221;center&#8221; onclick=&#8221;custom_link&#8221; img_link_target=&#8221;_blank&#8221; link=&#8221;http:\/\/site.sanepar.com.br\/&#8221;][vc_single_image image=&#8221;448&#8243; img_size=&#8221;full&#8221; alignment=&#8221;center&#8221; onclick=&#8221;custom_link&#8221; img_link_target=&#8221;_blank&#8221; link=&#8221;http:\/\/silkpg.com.br\/&#8221;]<\/div>[vc_separator color=&#8221;custom&#8221; style=&#8221;solid&#8221;][vc_custom_heading text=&#8221;Fique por dentro&#8221; use_theme_fonts=&#8221;yes&#8221; el_class=&#8221;m-t-xl m-b-none&#8221;][vc_column_text el_class=&#8221;lead&#8221;]Not\u00edcias recentes[\/vc_column_text]<div class=\"porto-recent-posts wpb_content_element  m-b-none\">    <div class=\"row\">\r\n        <div class=\"post-carousel porto-carousel owl-carousel\" data-plugin-options=\"{&quot;themeConfig&quot;:true,&quot;lg&quot;:3,&quot;md&quot;:3,&quot;sm&quot;:2}\">\r\n            <div class=\"post-slide\"><div class=\"post-item post-title-simple\">\n    <a href=\"https:\/\/www.ultrasilk.com.br\/site\/entenda-por-que-o-site-da-sua-marca-precisa-ter-design-responsivo\/\"> <span class=\"post-image thumb-info thumb-info-hide-wrapper-bg m-b-md\"> <span class=\"thumb-info-wrapper\"> <img loading=\"lazy\" decoding=\"async\" class=\"img-responsive\" width=\"450\" height=\"231\" src=\"https:\/\/www.ultrasilk.com.br\/site\/wp-content\/uploads\/2016\/07\/o-que-e-design-responsivo-e-por-que-ele-melhora-seus-resultados-970x728-450x231.jpg\" alt=\"\" \/>\n    <span class=\"zoom\" data-src=\"https:\/\/www.ultrasilk.com.br\/site\/wp-content\/uploads\/2016\/07\/o-que-e-design-responsivo-e-por-que-ele-melhora-seus-resultados-970x728.jpg\" data-title=\"\"><i class=\"fa fa-search\"><\/i><\/span>\n    <\/span> <\/span> <\/a>\n    <div class=\"post-date\">\n            <span class=\"day\">23<\/span>\n        <span class=\"month\">jul<\/span>\n          <\/div>\n    <h4 class=\"title-short\"><a href=\"https:\/\/www.ultrasilk.com.br\/site\/entenda-por-que-o-site-da-sua-marca-precisa-ter-design-responsivo\/\">\n    Entenda por que o site da sua marca precisa ter design responsivo    <\/a><\/h4>\n  <p class=\"author-name\">By    <a href=\"https:\/\/www.ultrasilk.com.br\/site\/author\/ultrasilk2018\/\" title=\"Posts de UltraSilk2018\" rel=\"author\">UltraSilk2018<\/a>  <\/p>\n    <div class=\"wpb-content-wrapper\"><p>[vc_row][vc_column][vc_single_image source=&#8221;featured_image&#8221; img_size=&#8221;360&#215;170&#8243; alignment=&#8221;center&#8221; el_class=&#8221;pull-right m-b m-b-xs m-l-lg&#8221;][vc_column_text el_class=&#8221;lead&#8221;]<br \/>\nAcessar a internet pelo celular? Ter um monitor com mais de&#8230; <\/p>\n<\/div> <a class=\"read-more\" href=\"https:\/\/www.ultrasilk.com.br\/site\/entenda-por-que-o-site-da-sua-marca-precisa-ter-design-responsivo\/\">Leia Mais <i class=\"fa fa-angle-right\"><\/i><\/a> <\/div>\n<\/div><div class=\"post-slide\"><div class=\"post-item post-title-simple\">\n    <a href=\"https:\/\/www.ultrasilk.com.br\/site\/como-um-bom-logotipo-pode-aumentar-as-suas-vendas\/\"> <span class=\"post-image thumb-info thumb-info-hide-wrapper-bg m-b-md\"> <span class=\"thumb-info-wrapper\"> <img loading=\"lazy\" decoding=\"async\" class=\"img-responsive\" width=\"450\" height=\"231\" src=\"https:\/\/www.ultrasilk.com.br\/site\/wp-content\/uploads\/2016\/07\/como-um-bom-logotipo-pode-aumentar-as-vendas-dos-seus-produtos-e-servicos-970x728-450x231.jpg\" alt=\"\" \/>\n    <span class=\"zoom\" data-src=\"https:\/\/www.ultrasilk.com.br\/site\/wp-content\/uploads\/2016\/07\/como-um-bom-logotipo-pode-aumentar-as-vendas-dos-seus-produtos-e-servicos-970x728.jpg\" data-title=\"\"><i class=\"fa fa-search\"><\/i><\/span>\n    <\/span> <\/span> <\/a>\n    <div class=\"post-date\">\n            <span class=\"day\">23<\/span>\n        <span class=\"month\">jul<\/span>\n          <\/div>\n    <h4 class=\"title-short\"><a href=\"https:\/\/www.ultrasilk.com.br\/site\/como-um-bom-logotipo-pode-aumentar-as-suas-vendas\/\">\n    Como um bom logotipo pode aumentar as suas vendas?    <\/a><\/h4>\n  <p class=\"author-name\">By    <a href=\"https:\/\/www.ultrasilk.com.br\/site\/author\/ultrasilk2018\/\" title=\"Posts de UltraSilk2018\" rel=\"author\">UltraSilk2018<\/a>  <\/p>\n    <div class=\"wpb-content-wrapper\"><p>[vc_row][vc_column][vc_single_image source=&#8221;featured_image&#8221; img_size=&#8221;360&#215;170&#8243; alignment=&#8221;center&#8221; el_class=&#8221;pull-right m-b m-b-xs m-l-lg&#8221;][vc_column_text el_class=&#8221;lead&#8221;]<br \/>\nQuando voc\u00ea ouve a palavra \u201cmesa\u201d, automaticamente uma imagem se formar\u00e1&#8230; <\/p>\n<\/div> <a class=\"read-more\" href=\"https:\/\/www.ultrasilk.com.br\/site\/como-um-bom-logotipo-pode-aumentar-as-suas-vendas\/\">Leia Mais <i class=\"fa fa-angle-right\"><\/i><\/a> <\/div>\n<\/div><div class=\"post-slide\"><div class=\"post-item post-title-simple\">\n    <a href=\"https:\/\/www.ultrasilk.com.br\/site\/10-dicas-de-comunicacao-visual-para-melhorar-a-visibilidade-da-sua-empresa\/\"> <span class=\"post-image thumb-info thumb-info-hide-wrapper-bg m-b-md\"> <span class=\"thumb-info-wrapper\"> <img loading=\"lazy\" decoding=\"async\" class=\"img-responsive\" width=\"450\" height=\"231\" src=\"https:\/\/www.ultrasilk.com.br\/site\/wp-content\/uploads\/2016\/07\/img1d-1-970x647-450x231.jpg\" alt=\"\" \/>\n    <span class=\"zoom\" data-src=\"https:\/\/www.ultrasilk.com.br\/site\/wp-content\/uploads\/2016\/07\/img1d-1-970x647.jpg\" data-title=\"\"><i class=\"fa fa-search\"><\/i><\/span>\n    <\/span> <\/span> <\/a>\n    <div class=\"post-date\">\n            <span class=\"day\">23<\/span>\n        <span class=\"month\">jul<\/span>\n          <\/div>\n    <h4 class=\"title-short\"><a href=\"https:\/\/www.ultrasilk.com.br\/site\/10-dicas-de-comunicacao-visual-para-melhorar-a-visibilidade-da-sua-empresa\/\">\n    10 dicas de comunica\u00e7\u00e3o visual para melhorar a visibilidade da sua empresa.    <\/a><\/h4>\n  <p class=\"author-name\">By    <a href=\"https:\/\/www.ultrasilk.com.br\/site\/author\/ultrasilk2018\/\" title=\"Posts de UltraSilk2018\" rel=\"author\">UltraSilk2018<\/a>  <\/p>\n    <div class=\"wpb-content-wrapper\"><p>[vc_row][vc_column][vc_single_image source=&#8221;featured_image&#8221; img_size=&#8221;360&#215;170&#8243; alignment=&#8221;center&#8221; el_class=&#8221;pull-right m-b m-b-xs m-l-lg&#8221;][vc_column_text el_class=&#8221;lead&#8221;]<br \/>\nA comunica\u00e7\u00e3o visual \u00e9 de extrema import\u00e2ncia para qualquer empresa. \u00c9&#8230; <\/p>\n<\/div> <a class=\"read-more\" href=\"https:\/\/www.ultrasilk.com.br\/site\/10-dicas-de-comunicacao-visual-para-melhorar-a-visibilidade-da-sua-empresa\/\">Leia Mais <i class=\"fa fa-angle-right\"><\/i><\/a> <\/div>\n<\/div>        <\/div>\r\n    <\/div>\r\n    <\/div>[\/vc_column][\/vc_row][vc_row][vc_column][\/vc_column][\/vc_row]<\/p>\n<\/div>","protected":false},"excerpt":{"rendered":"<p>[vc_row wrap_container=&#8221;yes&#8221; el_class=&#8221;p-t-xxl p-b-xxl&#8221;][vc_column offset=&#8221;vc_col-md-4&#8243;][vc_custom_heading text=&#8221;Ultrasilk comunica\u00e7\u00e3o visual&#8221; use_theme_fonts=&#8221;yes&#8221; el_class=&#8221;m-t-md m-b-none&#8221;][vc_column_text el_class=&#8221;lead m-b-none&#8221;]Corte a Laser, Serigrafia, Sublima\u00e7\u00e3o, Estamparia, Grava\u00e7\u00e3o em Vidro e bordados[\/vc_column_text][\/vc_column][vc_column width=&#8221;1\/6&#8243; offset=&#8221;vc_hidden-sm vc_hidden-xs&#8221;][vc_single_image source=&#8221;external_link&#8221; custom_src=&#8221;https:\/\/www.ultrasilk.com.br\/site\/wp-content\/uploads\/2018\/08\/dotted-line-angle.png&#8221; el_class=&#8221;m-t-n-xs m-b-none&#8221;][\/vc_column][vc_column offset=&#8221;vc_col-md-6&#8243;][vc_column_text el_class=&#8221;m-t-md m-b-none&#8221;]A Ultrasilk \u00e9 uma empresa de Comunica\u00e7\u00e3o Visual localizada em Curitiba. Trabalhamos com diversos produtos e servi\u00e7os da \u00e1rea, oferecendo a melhor qualidade. [&hellip;]<\/p>\n","protected":false},"author":1,"featured_media":0,"parent":0,"menu_order":0,"comment_status":"closed","ping_status":"closed","template":"","meta":{"footnotes":""},"class_list":["post-143","page","type-page","status-publish","hentry"],"_links":{"self":[{"href":"https:\/\/www.ultrasilk.com.br\/site\/wp-json\/wp\/v2\/pages\/143","targetHints":{"allow":["GET"]}}],"collection":[{"href":"https:\/\/www.ultrasilk.com.br\/site\/wp-json\/wp\/v2\/pages"}],"about":[{"href":"https:\/\/www.ultrasilk.com.br\/site\/wp-json\/wp\/v2\/types\/page"}],"author":[{"embeddable":true,"href":"https:\/\/www.ultrasilk.com.br\/site\/wp-json\/wp\/v2\/users\/1"}],"replies":[{"embeddable":true,"href":"https:\/\/www.ultrasilk.com.br\/site\/wp-json\/wp\/v2\/comments?post=143"}],"version-history":[{"count":73,"href":"https:\/\/www.ultrasilk.com.br\/site\/wp-json\/wp\/v2\/pages\/143\/revisions"}],"predecessor-version":[{"id":562,"href":"https:\/\/www.ultrasilk.com.br\/site\/wp-json\/wp\/v2\/pages\/143\/revisions\/562"}],"wp:attachment":[{"href":"https:\/\/www.ultrasilk.com.br\/site\/wp-json\/wp\/v2\/media?parent=143"}],"curies":[{"name":"wp","href":"https:\/\/api.w.org\/{rel}","templated":true}]}}