{"id":24,"date":"2016-07-18T00:39:07","date_gmt":"2016-07-18T00:39:07","guid":{"rendered":"http:\/\/sw-themes.com\/porto_dummy\/?page_id=24"},"modified":"2018-09-24T19:16:39","modified_gmt":"2018-09-24T22:16:39","slug":"empresa","status":"publish","type":"page","link":"https:\/\/www.ultrasilk.com.br\/site\/empresa\/","title":{"rendered":"Empresa"},"content":{"rendered":"<div class=\"wpb-content-wrapper\"><p>[vc_row el_id=&#8221;who-we-are&#8221; el_class=&#8221;m-t-n-md p-t-md&#8221;][vc_column][vc_gallery type=&#8221;nivo&#8221; interval=&#8221;3&#8243; images=&#8221;528,531,533&#8243; img_size=&#8221;full&#8221; onclick=&#8221;&#8221; el_class=&#8221;nav-right mb-1&#8243;][vc_custom_heading text=&#8221;Quem Somos&#8221; use_theme_fonts=&#8221;yes&#8221; el_class=&#8221;m-b-md&#8221;][vc_column_text el_class=&#8221;lead&#8221;]Fundada no ano de 1997, a UltraSilk surgiu com o objetivo de desenvolver o mercado de comunica\u00e7\u00e3o visual no Brasil. O neg\u00f3cio foi crescendo e hoje conta com estrutura situada em Curitiba.[\/vc_column_text][vc_column_text]A Ultrasilk \u00e9 uma empresa de Comunica\u00e7\u00e3o Visual localizada em Curitiba. Trabalhamos com diversos produtos e servi\u00e7os da \u00e1rea, oferecendo a melhor qualidade.<\/p>\n<p>Contamos com equipamentos de \u00faltima gera\u00e7\u00e3o e equipe altamente especializada.<\/p>\n<p>Ultrasilk comunica\u00e7\u00e3o visual &#8211; Corte a Laser, Serigrafia, Sublima\u00e7\u00e3o, Estamparia, Grava\u00e7\u00e3o em Vidro e bordados.<\/p>\n<p>[\/vc_column_text][vc_separator color=&#8221;custom&#8221; style=&#8221;solid&#8221; gap=&#8221;taller&#8221; accent_color=&#8221;#dbdbdb&#8221; el_class=&#8221;m-b-none&#8221;][\/vc_column][\/vc_row][vc_row el_id=&#8221;history&#8221;][vc_column][vc_custom_heading text=&#8221;Hist\u00f3ria&#8221; use_theme_fonts=&#8221;yes&#8221; el_class=&#8221;m-t-xl&#8221;][vc_row_inner][vc_column_inner][vc_column_text]<\/p>\n<p style=\"text-align: justify;\"><img loading=\"lazy\" decoding=\"async\" class=\"size-medium wp-image-430 alignleft\" src=\"https:\/\/www.ultrasilk.com.br\/site\/wp-content\/uploads\/2018\/09\/gabarito_slide_teste6-300x203.jpg\" alt=\"\" width=\"300\" height=\"203\" srcset=\"https:\/\/www.ultrasilk.com.br\/site\/wp-content\/uploads\/2018\/09\/gabarito_slide_teste6-300x203.jpg 300w, https:\/\/www.ultrasilk.com.br\/site\/wp-content\/uploads\/2018\/09\/gabarito_slide_teste6-768x520.jpg 768w, https:\/\/www.ultrasilk.com.br\/site\/wp-content\/uploads\/2018\/09\/gabarito_slide_teste6-1024x693.jpg 1024w, https:\/\/www.ultrasilk.com.br\/site\/wp-content\/uploads\/2018\/09\/gabarito_slide_teste6-600x406.jpg 600w, https:\/\/www.ultrasilk.com.br\/site\/wp-content\/uploads\/2018\/09\/gabarito_slide_teste6-367x248.jpg 367w, https:\/\/www.ultrasilk.com.br\/site\/wp-content\/uploads\/2018\/09\/gabarito_slide_teste6.jpg 1920w\" sizes=\"auto, (max-width: 300px) 100vw, 300px\" \/>Sua entrada no mercado, com o nome UltraSilk teve como objetivo principal a presta\u00e7\u00e3o de servi\u00e7os para a ind\u00fastria gr\u00e1fica. Com apenas tr\u00eas meses de funcionamento sentimos o primeiro impacto, quando notamos que grande parte de nossos concorrentes j\u00e1 haviam se ajustado ao servi\u00e7o informatizado, com equipamentos modernos que poderiam atender o mercado com melhor qualidade e rapidez. Devido a nossa pouca experi\u00eancia no mercado, somada a grande atua\u00e7\u00e3o da concorr\u00eancia, fomos for\u00e7ados a pensar urgentemente em outra forma de manter abertas as portas da empresa. Foi a\u00ed ent\u00e3o que\u00a0 ap\u00f3s exaustivos testes come\u00e7amos a produzir artes! Camisetas personalizadas com serigrafia&#8230; uns poucos modelos de brindes, ent\u00e3o a criatividade n\u00e3o parou mais, surgindo sempre novas ideias e dando origem a interessantes cria\u00e7\u00f5es. Adquirimos novos equipamentos e hoje, como se pode perceber, uma empresa que produzia apenas um item, produz atualmente, mais de quarenta itens, e com uma grande variedade. E certamente, n\u00e3o vai parar por a\u00ed. Contamos com uma equipe altamente qualificada e treinada, que mant\u00e9m um esp\u00edrito da estrutura seguramente coesa e ajustada.<\/p>\n<p>[\/vc_column_text][\/vc_column_inner][\/vc_row_inner][vc_separator color=&#8221;custom&#8221; style=&#8221;solid&#8221; gap=&#8221;tall&#8221; accent_color=&#8221;#dbdbdb&#8221; el_class=&#8221;m-b-none&#8221;][\/vc_column][\/vc_row][vc_row el_id=&#8221;mission-vision&#8221;][vc_column width=&#8221;1\/3&#8243;]<div class=\"porto-sicon-wrapper m-t-xxl style_1\"><div class=\"porto-sicon-box top-icon\" style=\"\"  ><div class=\"porto-sicon-header\" ><h3 class=\"porto-sicon-title\" style=\"font-family:&#039;Open Sans&#039;;font-size:30px;color:#2e353e;\">Miss\u00e3o<\/h3><\/div> <!-- header --><div class=\"porto-sicon-description\" style=\"\">Desenvolver o conceito de comunica\u00e7\u00e3o visual do mercado publicit\u00e1rio, buscando satisfazer as necessidades de seus clientes e oferecer excel\u00eancia na presta\u00e7\u00e3o de servi\u00e7os, com seriedade, agilidade e comprometimento.<\/div> <!-- description --><\/div> <!-- porto-sicon-box --><\/div>[\/vc_column][vc_column width=&#8221;1\/3&#8243;]<div class=\"porto-sicon-wrapper m-t-xxl style_1\"><div class=\"porto-sicon-box top-icon\" style=\"\"  ><div class=\"porto-sicon-header\" ><h3 class=\"porto-sicon-title\" style=\"font-family:&#039;Open Sans&#039;;font-size:30px;color:#2e353e;\">Vis\u00e3o<\/h3><\/div> <!-- header --><div class=\"porto-sicon-description\" style=\"\">Ser refer\u00eancia no segmento de comunica\u00e7\u00e3o visual, oferecendo qualidade e efici\u00eancia em seus produtos e servi\u00e7os.<\/div> <!-- description --><\/div> <!-- porto-sicon-box --><\/div>[\/vc_column][vc_column width=&#8221;1\/3&#8243;]<div class=\"porto-sicon-wrapper m-t-xxl style_1\"><div class=\"porto-sicon-box top-icon\" style=\"\"  ><div class=\"porto-sicon-header\" ><h3 class=\"porto-sicon-title\" style=\"font-family:&#039;Open Sans&#039;;font-size:30px;color:#2e353e;\">Valores<\/h3><\/div> <!-- header --><div class=\"porto-sicon-description\" style=\"\">Entregar produtos com servi\u00e7os de qualidade; \u2013 Criatividade; \u2013 Melhores\u00a0t\u00e9cnicas e novos conhecimentos; \u2013 Desenvolver profissionais de qualidade; \u2013 Bem-estar em um ambiente positivo e parceria m\u00fatua entre clientes e colaboradores.<\/div> <!-- description --><\/div> <!-- porto-sicon-box --><\/div>[\/vc_column][vc_column][vc_separator color=&#8221;custom&#8221; style=&#8221;solid&#8221; gap=&#8221;tall&#8221; accent_color=&#8221;#dbdbdb&#8221; el_class=&#8221;m-b-none&#8221;][\/vc_column][\/vc_row][vc_row el_id=&#8221;partners&#8221;][vc_column][vc_custom_heading text=&#8221;Clientes&#8221; use_theme_fonts=&#8221;yes&#8221; el_class=&#8221;m-t-xl&#8221;][vc_row_inner el_class=&#8221;content-grid content-grid-dashed&#8221;][vc_column_inner el_class=&#8221;content-grid-item&#8221; width=&#8221;1\/3&#8243;][vc_single_image image=&#8221;432&#8243; img_size=&#8221;full&#8221; alignment=&#8221;center&#8221; onclick=&#8221;custom_link&#8221; img_link_target=&#8221;_blank&#8221; el_class=&#8221;m-b-none&#8221; link=&#8221;http:\/\/aabbcuritiba.com.br\/site\/a-aabb\/&#8221;][\/vc_column_inner][vc_column_inner el_class=&#8221;content-grid-item&#8221; width=&#8221;1\/3&#8243;][vc_single_image image=&#8221;435&#8243; img_size=&#8221;full&#8221; alignment=&#8221;center&#8221; onclick=&#8221;custom_link&#8221; img_link_target=&#8221;_blank&#8221; el_class=&#8221;m-b-none&#8221; link=&#8221;https:\/\/www.colegiosantoanjo.com.br\/sobre-nos\/?gclid=EAIaIQobChMIo_j0p9HU3QIVjo-zCh1UEgjoEAAYASAAEgJZyvD_BwE&#8221;][\/vc_column_inner][vc_column_inner el_class=&#8221;content-grid-item&#8221; width=&#8221;1\/3&#8243;][vc_single_image image=&#8221;441&#8243; img_size=&#8221;full&#8221; alignment=&#8221;center&#8221; onclick=&#8221;custom_link&#8221; img_link_target=&#8221;_blank&#8221; el_class=&#8221;m-b-none&#8221; link=&#8221;https:\/\/www.deltacable.com.br\/&#8221;][\/vc_column_inner][vc_column_inner el_class=&#8221;content-grid-item&#8221; width=&#8221;1\/3&#8243;][vc_single_image image=&#8221;443&#8243; img_size=&#8221;full&#8221; alignment=&#8221;center&#8221; onclick=&#8221;custom_link&#8221; img_link_target=&#8221;_blank&#8221; el_class=&#8221;m-b-none&#8221; link=&#8221;http:\/\/www.detran.pr.gov.br\/&#8221;][\/vc_column_inner][vc_column_inner el_class=&#8221;content-grid-item&#8221; width=&#8221;1\/3&#8243;][vc_single_image image=&#8221;445&#8243; img_size=&#8221;full&#8221; alignment=&#8221;center&#8221; onclick=&#8221;custom_link&#8221; img_link_target=&#8221;_blank&#8221; el_class=&#8221;m-b-none&#8221; link=&#8221;http:\/\/site.sanepar.com.br\/&#8221;][\/vc_column_inner][vc_column_inner el_class=&#8221;content-grid-item&#8221; width=&#8221;1\/3&#8243;][vc_single_image image=&#8221;448&#8243; img_size=&#8221;full&#8221; alignment=&#8221;center&#8221; onclick=&#8221;custom_link&#8221; img_link_target=&#8221;_blank&#8221; el_class=&#8221;m-b-none&#8221; link=&#8221;http:\/\/silkpg.com.br\/&#8221; label=&#8221;&#8221;][\/vc_column_inner][\/vc_row_inner][\/vc_column][\/vc_row]<\/p>\n<\/div>","protected":false},"excerpt":{"rendered":"<p>[vc_row el_id=&#8221;who-we-are&#8221; el_class=&#8221;m-t-n-md p-t-md&#8221;][vc_column][vc_gallery type=&#8221;nivo&#8221; interval=&#8221;3&#8243; images=&#8221;528,531,533&#8243; img_size=&#8221;full&#8221; onclick=&#8221;&#8221; el_class=&#8221;nav-right mb-1&#8243;][vc_custom_heading text=&#8221;Quem Somos&#8221; use_theme_fonts=&#8221;yes&#8221; el_class=&#8221;m-b-md&#8221;][vc_column_text el_class=&#8221;lead&#8221;]Fundada no ano de 1997, a UltraSilk surgiu com o objetivo de desenvolver o mercado de comunica\u00e7\u00e3o visual no Brasil. O neg\u00f3cio foi crescendo e hoje conta com estrutura situada em Curitiba.[\/vc_column_text][vc_column_text]A Ultrasilk \u00e9 uma empresa de Comunica\u00e7\u00e3o Visual localizada [&hellip;]<\/p>\n","protected":false},"author":1,"featured_media":0,"parent":0,"menu_order":0,"comment_status":"closed","ping_status":"closed","template":"","meta":{"footnotes":""},"class_list":["post-24","page","type-page","status-publish","hentry"],"_links":{"self":[{"href":"https:\/\/www.ultrasilk.com.br\/site\/wp-json\/wp\/v2\/pages\/24","targetHints":{"allow":["GET"]}}],"collection":[{"href":"https:\/\/www.ultrasilk.com.br\/site\/wp-json\/wp\/v2\/pages"}],"about":[{"href":"https:\/\/www.ultrasilk.com.br\/site\/wp-json\/wp\/v2\/types\/page"}],"author":[{"embeddable":true,"href":"https:\/\/www.ultrasilk.com.br\/site\/wp-json\/wp\/v2\/users\/1"}],"replies":[{"embeddable":true,"href":"https:\/\/www.ultrasilk.com.br\/site\/wp-json\/wp\/v2\/comments?post=24"}],"version-history":[{"count":48,"href":"https:\/\/www.ultrasilk.com.br\/site\/wp-json\/wp\/v2\/pages\/24\/revisions"}],"predecessor-version":[{"id":544,"href":"https:\/\/www.ultrasilk.com.br\/site\/wp-json\/wp\/v2\/pages\/24\/revisions\/544"}],"wp:attachment":[{"href":"https:\/\/www.ultrasilk.com.br\/site\/wp-json\/wp\/v2\/media?parent=24"}],"curies":[{"name":"wp","href":"https:\/\/api.w.org\/{rel}","templated":true}]}}