{"id":36,"date":"2016-07-18T09:02:31","date_gmt":"2016-07-18T09:02:31","guid":{"rendered":"http:\/\/sw-themes.com\/porto_dummy\/?page_id=36"},"modified":"2018-09-15T10:29:26","modified_gmt":"2018-09-15T13:29:26","slug":"servicos","status":"publish","type":"page","link":"https:\/\/www.ultrasilk.com.br\/site\/servicos\/","title":{"rendered":"Servi\u00e7os"},"content":{"rendered":"<div class=\"wpb-content-wrapper\"><p>[vc_row animation_type=&#8221;fadeInUp&#8221;][vc_column width=&#8221;1\/3&#8243;][\/vc_column][vc_column width=&#8221;1\/3&#8243;][vc_single_image image=&#8221;468&#8243; img_size=&#8221;&#8221;][\/vc_column][vc_column width=&#8221;1\/3&#8243;][\/vc_column][\/vc_row][vc_row animation_type=&#8221;fadeInUp&#8221;][vc_column]<div class=\"porto-sicon-wrapper m-t style_1\"><div class=\"porto-sicon-box left-icon\" style=\"\"  ><div class=\"porto-sicon-body\"><div class=\"porto-sicon-header\" ><h3 class=\"porto-sicon-title\" style=\"font-size:20px;\">Serigrafia<\/h3><\/div> <!-- header --><div class=\"porto-sicon-description\" style=\"\">\n<p style=\"text-align: justify;\">Os servi\u00e7os de serigrafia, tamb\u00e9m conhecidos como silk-screen, s\u00e3o famosos processos de impress\u00e3o atrav\u00e9s de est\u00eancil, onde a tinta \u00e9 for\u00e7ada para o componente abaixo dela. Esse processo utiliza telas que s\u00e3o feitas com poli\u00e9ster ou nylon e \u00e9 ideal para grandes produ\u00e7\u00f5es de itens como, por exemplo, camisetas. Com ele \u00e9 poss\u00edvel personalizar os itens com muita versatilidade e conseguir uma enorme variedade de resultados, podendo utilizar t\u00e9cnicas como: mistura de cores, aquarela, pintura a \u00f3leo e outras t\u00e9cnicas inovadoras que far\u00e3o total diferen\u00e7a no resultado final.<\/p>\n<p style=\"text-align: justify;\"><strong>O processo de impress\u00e3o<\/strong><\/p>\n<p style=\"text-align: justify;\">O processo de impress\u00e3o consiste em vazar a tinta \u2013 pela press\u00e3o de um rodo ou puxador \u2013 atrav\u00e9s da tela previamente preparada. A tela (matriz serigr\u00e1fica) \u00e9 esticada em um bastidor (quadro) de madeira, alum\u00ednio ou a\u00e7o. A matriz \u00e9 gravada pelo processo de fotosensibilidade, onde \u00e9 preparada com uma emuls\u00e3o fotosens\u00edvel e colocada sobre um fotolito e, posteriormente, sobre uma mesa de luz.<\/p>\n<p style=\"text-align: justify;\">Os pontos escuros do fotolito correspondem aos locais que ficar\u00e3o vazados na tela, permitindo a passagem da tinta pela trama do tecido. Os pontos claros (onde a luz passar\u00e1 pelo fotolito atingindo a emuls\u00e3o) s\u00e3o impermeabilizados pelo endurecimento da emuls\u00e3o fotosens\u00edvel exposta a luz.<\/p>\n<p style=\"text-align: justify;\">Para cada cor de impress\u00e3o \u00e9 utilizada uma matriz, resultando em um impresso com grande densidade de cor, satura\u00e7\u00e3o e textura.<\/p>\n<p><\/div> <!-- description --><\/div><\/div> <!-- porto-sicon-box --><\/div>[\/vc_column][\/vc_row][vc_row animation_type=&#8221;fadeInUp&#8221;][vc_column][vc_row_inner][vc_column_inner][vc_separator][\/vc_column_inner][\/vc_row_inner][\/vc_column][\/vc_row][vc_row animation_delay=&#8221;300&#8243; animation_type=&#8221;fadeInUp&#8221;][vc_column width=&#8221;1\/3&#8243;][\/vc_column][vc_column width=&#8221;1\/3&#8243;][vc_single_image image=&#8221;471&#8243; img_size=&#8221;&#8221;][\/vc_column][vc_column width=&#8221;1\/3&#8243;][\/vc_column][\/vc_row][vc_row animation_delay=&#8221;300&#8243; animation_type=&#8221;fadeInUp&#8221;][vc_column]<div class=\"porto-sicon-wrapper m-t style_1\"><div class=\"porto-sicon-box left-icon\" style=\"\"  ><div class=\"porto-sicon-body\"><div class=\"porto-sicon-header\" ><h3 class=\"porto-sicon-title\" style=\"font-size:20px;\">Corte a Laser<\/h3><\/div> <!-- header --><div class=\"porto-sicon-description\" style=\"\">\n<p style=\"text-align: justify;\">A m\u00e1quina de corte a laser \u00e9 um equipamento que utiliza alta tecnologia. As capacidades de corte, ou seja, as espessuras das chapas met\u00e1licas que podem ser trabalhadas dependem basicamente do tipo de material e da pot\u00eancia do laser a ser empregado.<\/p>\n<p style=\"text-align: justify;\">A principal caracter\u00edstica do corte por Laser \u00e9 que o material removido \u00e9 muito pequeno, menos de 10%, o que confere ao Laser uma elevada precis\u00e3o e alta velocidade de corte, principalmente em espessuras finas.<\/p>\n<p style=\"text-align: justify;\">Ela funciona integrada a um sistema CAD\/CAM, em que se desenvolve um projeto detalhado e que \u00e9 utilizado como orienta\u00e7\u00e3o no material que ser\u00e1 feito o trabalho. Este processo n\u00e3o necessita do desenvolvimento de matrizes e, al\u00e9m disso, \u00e9 r\u00e1pido e eficaz.<\/p>\n<p style=\"text-align: justify;\">No processo de corte a laser, um dispositivo chamado soprador (um tipo de turbina) gira a 900hz e faz circular CO2 (g\u00e1s carb\u00f4nico) dentro de uma c\u00e2mara, onde existem dois eletrodos ligados a uma fonte de alta-tens\u00e3o. Esses dois eletrodos criam um campo el\u00e9trico que aumenta a energia do g\u00e1s (CO2) dentro da c\u00e2mara e em raz\u00e3o desse acr\u00e9scimo, os el\u00e9trons dos \u00e1tomos que formam o CO2 se excitam e mudam de n\u00edvel orbital, passando a girar em n\u00edveis mais externos.<\/p>\n<p style=\"text-align: justify;\">Para que o corte seja feito, um gerador de alta pot\u00eancia produz um raio que \u00e9 levado para a cabe\u00e7a de corte, que direciona o feixe de laser por um caminho \u00f3tico (atrav\u00e9s de espelhos ajust\u00e1veis). O raio, que at\u00e9 ent\u00e3o apresentava baixa densidade de energia, atravessa uma lente de foco que ajusta a intensidade e o tamanho do feixe. Quando chegar ao cabe\u00e7ote da m\u00e1quina laser, a luz \u00e9 concentrada atrav\u00e9s de lentes num \u00fanico ponto, este direcionamento da luz laser, ocorre em um di\u00e2metro inferior a 0,25mm.<\/p>\n<p style=\"text-align: justify;\">O feixe focado passa a apresentar uma alta densidade de energia e \u00e9 direcionado para o material a ser trabalhado. Assim \u00e9 efetuado o corte. A densidade energ\u00e9tica do feixe \u00e9 t\u00e3o grande que \u201cderrete\u201d o material na linha de corte.<br \/>\nEm alguns mil\u00e9simos de segundo a m\u00e1quina de corte a laser executa o trabalho. O sistema permite que projetos complexos, cheios de detalhes e \u00e2ngulos dif\u00edceis, sejam realizados de forma perfeita.<\/p>\n<p><\/div> <!-- description --><\/div><\/div> <!-- porto-sicon-box --><\/div>[vc_row_inner][vc_column_inner][vc_separator][\/vc_column_inner][\/vc_row_inner][\/vc_column][\/vc_row][vc_row animation_delay=&#8221;600&#8243; animation_type=&#8221;fadeInUp&#8221;][vc_column width=&#8221;1\/3&#8243;][\/vc_column][vc_column width=&#8221;1\/3&#8243;][vc_single_image image=&#8221;474&#8243; img_size=&#8221;&#8221;][\/vc_column][vc_column width=&#8221;1\/3&#8243;][\/vc_column][\/vc_row][vc_row animation_delay=&#8221;600&#8243; animation_type=&#8221;fadeInUp&#8221;][vc_column]<div class=\"porto-sicon-wrapper m-t style_1\"><div class=\"porto-sicon-box left-icon\" style=\"\"  ><div class=\"porto-sicon-body\"><div class=\"porto-sicon-header\" ><h3 class=\"porto-sicon-title\" style=\"font-size:20px;\">Sublima\u00e7\u00e3o<\/h3><\/div> <!-- header --><div class=\"porto-sicon-description\" style=\"\">\n<p style=\"text-align: justify;\">Existem duas formas de impress\u00e3o com tintas de sublima\u00e7\u00e3o, a transfer\u00eancia t\u00e9rmica e a impress\u00e3o direta, esta \u00faltima muito mais recente que a primeira.<\/p>\n<p style=\"text-align: justify;\">A transfer\u00eancia t\u00e9rmica \u00e9 a mais comum, e tamb\u00e9m a mais antiga, que funciona com o recurso a um papel especial, papel de transfere ou papel de transporte, que depois de receber a impress\u00e3o e ao ser colocado sobre as superf\u00edcies transfere a tinta num processo qu\u00edmico chamado sublima\u00e7\u00e3o provocado por calor e press\u00e3o.<\/p>\n<p style=\"text-align: justify;\">Tecnicamente, d\u00e1-se uma rea\u00e7\u00e3o qu\u00edmica em que a tinta passa do seu estado s\u00f3lido para o estado gasoso sem passar por um estado l\u00edquido interm\u00e9dio, onde a press\u00e3o e o calor causam a evapora\u00e7\u00e3o da tinta libertando-a para os objetos.<\/p>\n<p style=\"text-align: justify;\">\u00c9 um m\u00e9todo muito popular em especial para quem personaliza objetos de cer\u00e2mica (pratos e ch\u00e1venas), metal, objetos s\u00f3lidos no geral e t\u00eaxteis com 100% Poli\u00e9ster.<\/p>\n<p><\/div> <!-- description --><\/div><\/div> <!-- porto-sicon-box --><\/div>[vc_row_inner][vc_column_inner][vc_separator][\/vc_column_inner][\/vc_row_inner][\/vc_column][\/vc_row][vc_row animation_delay=&#8221;900&#8243; animation_type=&#8221;fadeInUp&#8221;][vc_column width=&#8221;1\/3&#8243;][\/vc_column][vc_column width=&#8221;1\/3&#8243;][vc_single_image image=&#8221;478&#8243; img_size=&#8221;&#8221;][\/vc_column][vc_column width=&#8221;1\/3&#8243;][\/vc_column][\/vc_row][vc_row animation_delay=&#8221;900&#8243; animation_type=&#8221;fadeInUp&#8221;][vc_column]<div class=\"porto-sicon-wrapper m-t style_1\"><div class=\"porto-sicon-box left-icon\" style=\"\"  ><div class=\"porto-sicon-body\"><div class=\"porto-sicon-header\" ><h3 class=\"porto-sicon-title\" style=\"font-size:20px;\">Grava\u00e7\u00e3o em Vidro<\/h3><\/div> <!-- header --><div class=\"porto-sicon-description\" style=\"\">\n<p style=\"text-align: justify;\">Placas de vidro, copos, ta\u00e7as e diversos outros materiais podem receber a grava\u00e7\u00e3o a laser em vidro, seja para fazer a personaliza\u00e7\u00e3o de produtos de empresas ou mesmo para presentes ou lembran\u00e7as de festas de casamento, por exemplo.<\/p>\n<p style=\"text-align: justify;\">E \u00e9 com esse tipo de grava\u00e7\u00e3o a laser em vidro, que a UltraSilk trabalha oferecendo seus servi\u00e7os para diferentes segmentos industriais, empresariais e comerciais.<\/p>\n<p style=\"text-align: justify;\">Atuando com responsabilidade e qualidade, destacamo-nos neste ramo de grava\u00e7\u00f5es a laser. Estamos na \u00e1rea desde 1997, sempre oferecendo produtos e servi\u00e7os de qualidade aos nossos clientes, com o objetivo de superar as expectativas iniciais deles.<\/p>\n<p style=\"text-align: justify;\">Se voc\u00ea procura por grava\u00e7\u00e3o a laser, acaba de encontrar o melhor lugar. N\u00f3s contamos com o apoio de profissionais que est\u00e3o preparados para atender \u00e0s suas necessidades, com os melhores pre\u00e7os do mercado e excelentes condi\u00e7\u00f5es de pagamento da sua demanda. N\u00e3o perca tempo! Venha fazer um or\u00e7amento conosco.<\/p>\n<p><\/div> <!-- description --><\/div><\/div> <!-- porto-sicon-box --><\/div>[\/vc_column][\/vc_row]<\/p>\n<\/div>","protected":false},"excerpt":{"rendered":"<p>[vc_row animation_type=&#8221;fadeInUp&#8221;][vc_column width=&#8221;1\/3&#8243;][\/vc_column][vc_column width=&#8221;1\/3&#8243;][vc_single_image image=&#8221;468&#8243; img_size=&#8221;&#8221;][\/vc_column][vc_column width=&#8221;1\/3&#8243;][\/vc_column][\/vc_row][vc_row animation_type=&#8221;fadeInUp&#8221;][vc_column][\/vc_column][\/vc_row][vc_row animation_type=&#8221;fadeInUp&#8221;][vc_column][vc_row_inner][vc_column_inner][vc_separator][\/vc_column_inner][\/vc_row_inner][\/vc_column][\/vc_row][vc_row animation_delay=&#8221;300&#8243; animation_type=&#8221;fadeInUp&#8221;][vc_column width=&#8221;1\/3&#8243;][\/vc_column][vc_column width=&#8221;1\/3&#8243;][vc_single_image image=&#8221;471&#8243; img_size=&#8221;&#8221;][\/vc_column][vc_column width=&#8221;1\/3&#8243;][\/vc_column][\/vc_row][vc_row animation_delay=&#8221;300&#8243; animation_type=&#8221;fadeInUp&#8221;][vc_column][vc_row_inner][vc_column_inner][vc_separator][\/vc_column_inner][\/vc_row_inner][\/vc_column][\/vc_row][vc_row animation_delay=&#8221;600&#8243; animation_type=&#8221;fadeInUp&#8221;][vc_column width=&#8221;1\/3&#8243;][\/vc_column][vc_column width=&#8221;1\/3&#8243;][vc_single_image image=&#8221;474&#8243; img_size=&#8221;&#8221;][\/vc_column][vc_column width=&#8221;1\/3&#8243;][\/vc_column][\/vc_row][vc_row animation_delay=&#8221;600&#8243; animation_type=&#8221;fadeInUp&#8221;][vc_column][vc_row_inner][vc_column_inner][vc_separator][\/vc_column_inner][\/vc_row_inner][\/vc_column][\/vc_row][vc_row animation_delay=&#8221;900&#8243; animation_type=&#8221;fadeInUp&#8221;][vc_column width=&#8221;1\/3&#8243;][\/vc_column][vc_column width=&#8221;1\/3&#8243;][vc_single_image image=&#8221;478&#8243; img_size=&#8221;&#8221;][\/vc_column][vc_column width=&#8221;1\/3&#8243;][\/vc_column][\/vc_row][vc_row animation_delay=&#8221;900&#8243; animation_type=&#8221;fadeInUp&#8221;][vc_column][\/vc_column][\/vc_row]<\/p>\n","protected":false},"author":1,"featured_media":0,"parent":0,"menu_order":0,"comment_status":"closed","ping_status":"closed","template":"","meta":{"footnotes":""},"class_list":["post-36","page","type-page","status-publish","hentry"],"_links":{"self":[{"href":"https:\/\/www.ultrasilk.com.br\/site\/wp-json\/wp\/v2\/pages\/36","targetHints":{"allow":["GET"]}}],"collection":[{"href":"https:\/\/www.ultrasilk.com.br\/site\/wp-json\/wp\/v2\/pages"}],"about":[{"href":"https:\/\/www.ultrasilk.com.br\/site\/wp-json\/wp\/v2\/types\/page"}],"author":[{"embeddable":true,"href":"https:\/\/www.ultrasilk.com.br\/site\/wp-json\/wp\/v2\/users\/1"}],"replies":[{"embeddable":true,"href":"https:\/\/www.ultrasilk.com.br\/site\/wp-json\/wp\/v2\/comments?post=36"}],"version-history":[{"count":26,"href":"https:\/\/www.ultrasilk.com.br\/site\/wp-json\/wp\/v2\/pages\/36\/revisions"}],"predecessor-version":[{"id":480,"href":"https:\/\/www.ultrasilk.com.br\/site\/wp-json\/wp\/v2\/pages\/36\/revisions\/480"}],"wp:attachment":[{"href":"https:\/\/www.ultrasilk.com.br\/site\/wp-json\/wp\/v2\/media?parent=36"}],"curies":[{"name":"wp","href":"https:\/\/api.w.org\/{rel}","templated":true}]}}